{"id":12771,"date":"2013-10-30T09:23:07","date_gmt":"2013-10-30T09:23:07","guid":{"rendered":"http:\/\/the7.dream-demo.com\/dummy\/?page_id=12771"},"modified":"2019-11-22T15:33:55","modified_gmt":"2019-11-22T12:33:55","slug":"hakkimizda","status":"publish","type":"page","link":"https:\/\/tokcelik.com\/index.php\/hakkimizda\/","title":{"rendered":"HAKKIMIZDA"},"content":{"rendered":"<div class=\"wpb-content-wrapper\"><p>[vc_row margin_top=&#8221;5&#8243; margin_bottom=&#8221;10&#8243;][vc_column offset=&#8221;vc_col-lg-6 vc_col-md-12 vc_col-xs-12&#8243;][vc_single_image image=&#8221;30739&#8243; img_size=&#8221;full&#8221; css_animation=&#8221;fadeInRight&#8221;][vc_empty_space height=&#8221;40px&#8221;][vc_column_text]<\/p>\n<h4>Bizi farkl\u0131 k\u0131lan de\u011ferlerimiz<\/h4>\n<p>[\/vc_column_text][vc_empty_space height=&#8221;16px&#8221;][vc_row_inner][vc_column_inner width=&#8221;1\/2&#8243;]<div class=\"standard-arrow bullet-top\"><ul>\n<li>Vizyonumuz<\/li>\n<li>\u00c7evre Politikam\u0131z<\/li>\n<\/ul>\n<\/div>[\/vc_column_inner][vc_column_inner width=&#8221;1\/2&#8243;]<div class=\"standard-arrow bullet-top\"><ul>\n<li>Misyonumuz<\/li>\n<li>\u0130nsan Kaynaklar\u0131 Politikam\u0131z<\/li>\n<\/ul>\n<\/div>[\/vc_column_inner][\/vc_row_inner][vc_empty_space height=&#8221;40px&#8221;][\/vc_column][vc_column animation=&#8221;rollIn&#8221; offset=&#8221;vc_col-lg-6 vc_col-md-12 vc_col-xs-12&#8243;][vc_column_text]<\/p>\n<h4>Tok \u00c7elik Sanayi A.\u015e.<\/h4>\n<p>[\/vc_column_text][vc_empty_space height=&#8221;16px&#8221;][vc_column_text]<img loading=\"lazy\" decoding=\"async\" class=\"alignleft size-full wp-image-30447\" src=\"https:\/\/tokcelik.com\/wp-content\/uploads\/2019\/11\/logo-120-120.png\" alt=\"\" width=\"120\" height=\"128\" \/> Firmam\u0131z \u00e7elik sekt\u00f6r\u00fcnde y\u0131llar\u0131n vermi\u015f oldu\u011fu bilgi, birikim ve tecr\u00fcbelerini sonraki gelecek nesillere aktarmak i\u00e7in \u00e7aba harcamaktad\u0131r.<br \/>\nGeli\u015fen ve b\u00fcy\u00fcyen d\u00fcnya ekonomisinde ucuz ve kaliteli \u00fcr\u00fcnlerin temin edilmesinde firmam\u0131z her zaman \u00f6nc\u00fc ve yenilik\u00e7i olmu\u015ftur.<br \/>\nKaliteli ve fiyat garantili \u00fcr\u00fcnlerin d\u00fcnyan\u0131n se\u00e7kin ve elit tedarik\u00e7ileriyle yapt\u0131\u011f\u0131 \u00f6zel anla\u015fmalar ile daha h\u0131zl\u0131 ve daha kaliteli tedarik ederek bu \u00fcr\u00fcnleri serbest piyasa ko\u015fullar\u0131nda ihtiya\u00e7 duyan m\u00fc\u015fterilerimize ekonomik ve h\u0131zl\u0131 \u015fekilde sevk ederek ayn\u0131 kalitede ki \u00fcr\u00fcn\u00fc rekabet\u00e7i fiyat ile satmay\u0131 ba\u015farm\u0131\u015ft\u0131r.<br \/>\nBundan sonraki s\u00fcre\u00e7lerde de her zaman ayn\u0131 stratejik fiyat ve kaliteli \u00fcr\u00fcn \u00e7e\u015fitlili\u011fi geli\u015ftirmeye devam edecektir.[\/vc_column_text][\/vc_column][\/vc_row]<\/p>\n<\/div>","protected":false},"excerpt":{"rendered":"<p>[vc_row margin_top=&#8221;5&#8243; margin_bottom=&#8221;10&#8243;][vc_column offset=&#8221;vc_col-lg-6 vc_col-md-12 vc_col-xs-12&#8243;][vc_single_image image=&#8221;30739&#8243; img_size=&#8221;full&#8221; css_animation=&#8221;fadeInRight&#8221;][vc_empty_space height=&#8221;40px&#8221;][vc_column_text] Bizi farkl\u0131 k\u0131lan de\u011ferlerimiz [\/vc_column_text][vc_empty_space height=&#8221;16px&#8221;][vc_row_inner][vc_column_inner width=&#8221;1\/2&#8243;][\/vc_column_inner][vc_column_inner width=&#8221;1\/2&#8243;][\/vc_column_inner][\/vc_row_inner][vc_empty_space height=&#8221;40px&#8221;][\/vc_column][vc_column animation=&#8221;rollIn&#8221; offset=&#8221;vc_col-lg-6 vc_col-md-12 vc_col-xs-12&#8243;][vc_column_text] Tok \u00c7elik Sanayi A.\u015e. [\/vc_column_text][vc_empty_space height=&#8221;16px&#8221;][vc_column_text] Firmam\u0131z \u00e7elik sekt\u00f6r\u00fcnde y\u0131llar\u0131n vermi\u015f oldu\u011fu bilgi, birikim ve tecr\u00fcbelerini sonraki gelecek nesillere aktarmak i\u00e7in \u00e7aba harcamaktad\u0131r. Geli\u015fen ve b\u00fcy\u00fcyen d\u00fcnya ekonomisinde ucuz ve kaliteli \u00fcr\u00fcnlerin&hellip;<\/p>\n","protected":false},"author":1,"featured_media":0,"parent":0,"menu_order":10,"comment_status":"closed","ping_status":"closed","template":"","meta":{"footnotes":""},"class_list":["post-12771","page","type-page","status-publish","hentry","description-off"],"_links":{"self":[{"href":"https:\/\/tokcelik.com\/index.php\/wp-json\/wp\/v2\/pages\/12771","targetHints":{"allow":["GET"]}}],"collection":[{"href":"https:\/\/tokcelik.com\/index.php\/wp-json\/wp\/v2\/pages"}],"about":[{"href":"https:\/\/tokcelik.com\/index.php\/wp-json\/wp\/v2\/types\/page"}],"author":[{"embeddable":true,"href":"https:\/\/tokcelik.com\/index.php\/wp-json\/wp\/v2\/users\/1"}],"replies":[{"embeddable":true,"href":"https:\/\/tokcelik.com\/index.php\/wp-json\/wp\/v2\/comments?post=12771"}],"version-history":[{"count":16,"href":"https:\/\/tokcelik.com\/index.php\/wp-json\/wp\/v2\/pages\/12771\/revisions"}],"predecessor-version":[{"id":30851,"href":"https:\/\/tokcelik.com\/index.php\/wp-json\/wp\/v2\/pages\/12771\/revisions\/30851"}],"wp:attachment":[{"href":"https:\/\/tokcelik.com\/index.php\/wp-json\/wp\/v2\/media?parent=12771"}],"curies":[{"name":"wp","href":"https:\/\/api.w.org\/{rel}","templated":true}]}}