{"id":22503,"date":"2014-08-08T19:17:29","date_gmt":"2014-08-08T19:17:29","guid":{"rendered":"http:\/\/armada.dream-demo.com\/?page_id=22503"},"modified":"2025-09-16T22:04:36","modified_gmt":"2025-09-16T19:04:36","slug":"iletisim","status":"publish","type":"page","link":"https:\/\/tokcelik.com\/index.php\/iletisim\/","title":{"rendered":"\u0130LET\u0130\u015e\u0130M"},"content":{"rendered":"<div class=\"wpb-content-wrapper\"><p>[vc_row margin_bottom=&#8221;-35&#8243;][vc_column width=&#8221;1\/2&#8243; animation=&#8221;fadeInLeft&#8221; offset=&#8221;vc_col-lg-4 vc_col-md-4 vc_col-xs-12&#8243;][vc_column_text]<\/p>\n<h4>\u0130leti\u015fim Bilgileri<\/h4>\n<p>[\/vc_column_text][vc_empty_space height=&#8221;16px&#8221;][vc_column_text css=&#8221;&#8221;]<strong><span class=\"color-title\">Merkez:<\/span><\/strong><br \/>\n\u0130kitelli Osb Mah. Biksan Sanayi Sitesi B-2 Blok No:5 Ba\u015fak\u015fehir\/\u0130stanbul<br \/>\n<a href=\"https:\/\/www.google.com\/maps\/dir\/?api=1&amp;origin=&amp;destination=41.088920, 28.792325&amp;travelmode=driving\" target=\"_blank\" rel=\"noopener noreferrer\"><strong>ADRESE G\u0130T<\/strong><br \/>\n<\/a>[\/vc_column_text][vc_empty_space height=&#8221;16px&#8221;][vc_column_text]<strong><span class=\"color-title\">Konya \u015eube:<\/span><\/strong><br \/>\nTatl\u0131cak Mah. Turano\u011flu Sk. Akbay 2 Sanayi Sitesi No : 25 J Karatay \/ Konya[\/vc_column_text][vc_empty_space height=&#8221;16px&#8221;][vc_column_text]<strong><span class=\"color-title\">Ergene \u015eube (Petrol Ofisi Bayi):<\/span><\/strong><br \/>\nVak\u0131flar OSB Mah. D.100 Cad. No : 24 Ergene \/ Tekirda\u011f[\/vc_column_text][vc_empty_space height=&#8221;16px&#8221;][vc_column_text]<strong><span class=\"color-title\">Telefon:<\/span><\/strong><br \/>\n+90 212 671 38 40<br \/>\n+90 212 343 73 03[\/vc_column_text][vc_empty_space height=&#8221;16px&#8221;][vc_column_text]<strong><span class=\"color-title\">Gsm \/ Whatsapp:<\/span><\/strong><br \/>\n+90 533 810 53 71[\/vc_column_text][vc_empty_space height=&#8221;16px&#8221;][vc_column_text]<strong><span class=\"color-title\">E-Posta:<\/span><\/strong><br \/>\ninfo@tokcelik.com<br \/>\nsatis@tokcelik.com[\/vc_column_text][vc_empty_space height=&#8221;16px&#8221;][vc_column_text]<strong><span class=\"color-title\">\u00c7al\u0131\u015fma Saatlerimiz:<\/span><\/strong><br \/>\nPazartesi\/Cumartesi \u2013 08:00\/19:00[\/vc_column_text][vc_empty_space height=&#8221;16px&#8221;][\/vc_column][vc_column width=&#8221;1\/2&#8243; animation=&#8221;fadeInDown&#8221; offset=&#8221;vc_col-lg-4 vc_col-md-4 vc_col-xs-12&#8243;][vc_column_text]<\/p>\n<h4>Harita<\/h4>\n<p>[\/vc_column_text][vc_empty_space height=&#8221;24px&#8221;][vc_gmaps link=&#8221;#E-8_JTNDaWZyYW1lJTIwc3JjJTNEJTIyaHR0cHMlM0ElMkYlMkZ3d3cuZ29vZ2xlLmNvbSUyRm1hcHMlMkZlbWJlZCUzRnBiJTNEJTIxMW0xOCUyMTFtMTIlMjExbTMlMjExZDc1MS45OTU4NTU2MTU1NDYxJTIxMmQyOC44MDAwMzk4MjkyNTA3NyUyMTNkNDEuMDY5MzU1MDA5Nzg0NzclMjEybTMlMjExZjAlMjEyZjAlMjEzZjAlMjEzbTIlMjExaTEwMjQlMjEyaTc2OCUyMTRmMTMuMSUyMTNtMyUyMTFtMiUyMTFzMHgwJTI1M0EweDAlMjEyek5ESENzREEwSnpBNUxqY2lUaUF5T01Ld05EZ25NREl1TVNKRiUyMTVlMCUyMTNtMiUyMTFzdHIlMjEyc3VhJTIxNHYxNTczNzE1MzA1NDQzJTIxNW0yJTIxMXN0ciUyMTJzdWElMjIlMjB3aWR0aCUzRCUyMjYwMCUyMiUyMGhlaWdodCUzRCUyMjQ1MCUyMiUyMGZyYW1lYm9yZGVyJTNEJTIyMCUyMiUyMHN0eWxlJTNEJTIyYm9yZGVyJTNBMCUzQiUyMiUyMGFsbG93ZnVsbHNjcmVlbiUzRCUyMiUyMiUzRSUzQyUyRmlmcmFtZSUzRQ==&#8221; size=&#8221;310&#8243;][vc_empty_space height=&#8221;45px&#8221;][\/vc_column][vc_column animation=&#8221;fadeInRight&#8221; offset=&#8221;vc_col-lg-4 vc_col-md-4 vc_col-xs-12&#8243;][vc_column_text]<\/p>\n<h4>Bize Ula\u015f\u0131n<\/h4>\n<p>[\/vc_column_text][vc_empty_space height=&#8221;24px&#8221;]<form class=\"contact-form dt-form\" action=\"\/\" method=\"post\">\n<input type=\"hidden\" name=\"widget_id\" value=\"presscore-contact-form-widget--1\" \/><input type=\"hidden\" name=\"send_message\" value=\"\" \/><div class=\"form-fields\"><span class=\"form-name\"><label class=\"assistive-text\">Name *<\/label><input type=\"text\" class=\"validate[required]\" placeholder=\"Name *\" name=\"name\" value=\"\" aria-required=\"true\">\n<\/span><span class=\"form-mail\"><label class=\"assistive-text\">E-mail *<\/label><input type=\"text\" class=\"validate[required,custom[email]]\" placeholder=\"E-mail *\" name=\"email\" value=\"\" aria-required=\"true\">\n<\/span><span class=\"form-telephone\"><label class=\"assistive-text\">Telephone<\/label><input type=\"text\" placeholder=\"Telephone\" name=\"telephone\" value=\"\" aria-required=\"false\">\n<\/span><\/div><span class=\"form-message\"><label class=\"assistive-text\">Message *<\/label><textarea class=\"validate[required]\" placeholder=\"Message *\" name=\"message\" rows=\"4\" aria-required=\"true\"><\/textarea>\n<\/span><p><a href=\"#\" class=\"dt-btn dt-btn-m dt-btn-submit\" rel=\"nofollow\">G\u00f6nder<\/a><a href=\"#\" class=\"clear-form\" rel=\"nofollow\">clear<\/a><input class=\"assistive-text\" type=\"submit\" value=\"submit\"><\/p><\/form>\n[vc_empty_space height=&#8221;40px&#8221;][\/vc_column][\/vc_row]<\/p>\n<\/div>","protected":false},"excerpt":{"rendered":"<p>[vc_row margin_bottom=&#8221;-35&#8243;][vc_column width=&#8221;1\/2&#8243; animation=&#8221;fadeInLeft&#8221; offset=&#8221;vc_col-lg-4 vc_col-md-4 vc_col-xs-12&#8243;][vc_column_text] \u0130leti\u015fim Bilgileri [\/vc_column_text][vc_empty_space height=&#8221;16px&#8221;][vc_column_text css=&#8221;&#8221;]Merkez: \u0130kitelli Osb Mah. Biksan Sanayi Sitesi B-2 Blok No:5 Ba\u015fak\u015fehir\/\u0130stanbul ADRESE G\u0130T [\/vc_column_text][vc_empty_space height=&#8221;16px&#8221;][vc_column_text]Konya \u015eube: Tatl\u0131cak Mah. Turano\u011flu Sk. Akbay 2 Sanayi Sitesi No : 25 J Karatay \/ Konya[\/vc_column_text][vc_empty_space height=&#8221;16px&#8221;][vc_column_text]Ergene \u015eube (Petrol Ofisi Bayi): Vak\u0131flar OSB Mah. D.100 Cad. No : 24&hellip;<\/p>\n","protected":false},"author":1,"featured_media":0,"parent":0,"menu_order":10,"comment_status":"closed","ping_status":"closed","template":"","meta":{"footnotes":""},"class_list":["post-22503","page","type-page","status-publish","hentry","description-off"],"_links":{"self":[{"href":"https:\/\/tokcelik.com\/index.php\/wp-json\/wp\/v2\/pages\/22503","targetHints":{"allow":["GET"]}}],"collection":[{"href":"https:\/\/tokcelik.com\/index.php\/wp-json\/wp\/v2\/pages"}],"about":[{"href":"https:\/\/tokcelik.com\/index.php\/wp-json\/wp\/v2\/types\/page"}],"author":[{"embeddable":true,"href":"https:\/\/tokcelik.com\/index.php\/wp-json\/wp\/v2\/users\/1"}],"replies":[{"embeddable":true,"href":"https:\/\/tokcelik.com\/index.php\/wp-json\/wp\/v2\/comments?post=22503"}],"version-history":[{"count":17,"href":"https:\/\/tokcelik.com\/index.php\/wp-json\/wp\/v2\/pages\/22503\/revisions"}],"predecessor-version":[{"id":30996,"href":"https:\/\/tokcelik.com\/index.php\/wp-json\/wp\/v2\/pages\/22503\/revisions\/30996"}],"wp:attachment":[{"href":"https:\/\/tokcelik.com\/index.php\/wp-json\/wp\/v2\/media?parent=22503"}],"curies":[{"name":"wp","href":"https:\/\/api.w.org\/{rel}","templated":true}]}}