{"id":23399,"date":"2014-08-13T10:54:29","date_gmt":"2014-08-13T10:54:29","guid":{"rendered":"http:\/\/armada.dream-demo.com\/?page_id=23399"},"modified":"2019-11-25T16:14:45","modified_gmt":"2019-11-25T13:14:45","slug":"2-business","status":"publish","type":"page","link":"https:\/\/tokcelik.com\/","title":{"rendered":"ANASAYFA"},"content":{"rendered":"<div class=\"wpb-content-wrapper\"><p>[vc_row margin_top=&#8221;-50&#8243; animation=&#8221;fadeIn&#8221; type=&#8221;1&#8243; bg_repeat=&#8221;repeat&#8221; padding_top=&#8221;44&#8243;][vc_column width=&#8221;1\/2&#8243; offset=&#8221;vc_col-lg-3 vc_col-md-3 vc_col-xs-12&#8243;]<div class=\"shortcode-banner shortcode-banner-link\" style=\"min-height: 110px;background-image: url(https:\/\/tokcelik.com\/wp-content\/uploads\/2019\/11\/tok-celik-kurumsal-thumb.jpg)\" onclick=\"window.location.href='https:\/\/tokcelik.com\/index.php\/hakkimizda\/';\"><div class=\"shortcode-banner-bg wf-table\" style=\"padding: 5px;min-height: 110px\"><div class=\"shortcode-banner-inside wf-table text-big\" style=\"background-color: rgb(0,0,0);background-color: rgba(0,0,0,0.4);border: solid 0px transparent;outline: solid 5px;outline-color: rgba(168,168,168,0.5);height: 110px\"><div><h3 style=\"text-align: center;\"><span style=\"color: #ffffff;\">Kurumsal<\/span><\/h3>\n<\/div><\/div><\/div><\/div>[vc_empty_space height=&#8221;44px&#8221;][\/vc_column][vc_column width=&#8221;1\/2&#8243; offset=&#8221;vc_col-lg-3 vc_col-md-3 vc_col-xs-12&#8243;]<div class=\"shortcode-banner shortcode-banner-link\" style=\"min-height: 110px;background-image: url(https:\/\/tokcelik.com\/wp-content\/uploads\/2019\/11\/tok-celik-urunlerimiz-thumb.jpg)\" onclick=\"window.location.href='https:\/\/tokcelik.com\/index.php\/urunlerimiz\/';\"><div class=\"shortcode-banner-bg wf-table\" style=\"padding: 5px;min-height: 110px\"><div class=\"shortcode-banner-inside wf-table text-big\" style=\"background-color: rgb(0,0,0);background-color: rgba(0,0,0,0.4);border: solid 0px transparent;outline: solid 5px;outline-color: rgba(168,168,168,0.5);height: 110px\"><div><h3 style=\"text-align: center;\"><span style=\"color: #ffffff;\">\u00dcr\u00fcnlerimiz<\/span><\/h3>\n<\/div><\/div><\/div><\/div>[vc_empty_space height=&#8221;44px&#8221;][\/vc_column][vc_column width=&#8221;1\/2&#8243; offset=&#8221;vc_col-lg-3 vc_col-md-3 vc_col-xs-12&#8243;]<div class=\"shortcode-banner shortcode-banner-link\" style=\"min-height: 110px;background-image: url(https:\/\/tokcelik.com\/wp-content\/uploads\/2019\/11\/tok-celik-agirlik-hesaplama-thumb.jpg)\" onclick=\"window.location.href='https:\/\/tokcelik.com\/index.php\/agirlik-hesaplama\/';\"><div class=\"shortcode-banner-bg wf-table\" style=\"padding: 5px;min-height: 110px\"><div class=\"shortcode-banner-inside wf-table text-big\" style=\"background-color: rgb(0,0,0);background-color: rgba(0,0,0,0.4);border: solid 0px transparent;outline: solid 5px;outline-color: rgba(168,168,168,0.5);height: 110px\"><div><h3 style=\"text-align: center;\"><span style=\"color: #ffffff;\">A\u011f\u0131rl\u0131k Hesaplama<\/span><\/h3>\n<\/div><\/div><\/div><\/div>[vc_empty_space height=&#8221;44px&#8221;][\/vc_column][vc_column width=&#8221;1\/2&#8243; offset=&#8221;vc_col-lg-3 vc_col-md-3 vc_col-xs-12&#8243;]<div class=\"shortcode-banner shortcode-banner-link\" style=\"min-height: 110px;background-image: url(https:\/\/tokcelik.com\/wp-content\/uploads\/2019\/11\/tok-celik-iletisim-thumb.jpg)\" onclick=\"window.location.href='https:\/\/tokcelik.com\/index.php\/iletisim\/';\"><div class=\"shortcode-banner-bg wf-table\" style=\"padding: 5px;min-height: 110px\"><div class=\"shortcode-banner-inside wf-table text-big\" style=\"background-color: rgb(0,0,0);background-color: rgba(0,0,0,0.4);border: solid 0px transparent;outline: solid 5px;outline-color: rgba(168,168,168,0.5);height: 110px\"><div><h3 style=\"text-align: center;\"><a href=\"https:\/\/tokcelik.com\/index.php\/iletisim\/\"><span style=\"color: #ffffff;\">\u0130leti\u015fim<\/span><\/a><\/h3>\n<\/div><\/div><\/div><\/div>[vc_empty_space height=&#8221;44px&#8221;][\/vc_column][\/vc_row]<\/p>\n<\/div>","protected":false},"excerpt":{"rendered":"<p>[vc_row margin_top=&#8221;-50&#8243; animation=&#8221;fadeIn&#8221; type=&#8221;1&#8243; bg_repeat=&#8221;repeat&#8221; padding_top=&#8221;44&#8243;][vc_column width=&#8221;1\/2&#8243; offset=&#8221;vc_col-lg-3 vc_col-md-3 vc_col-xs-12&#8243;][vc_empty_space height=&#8221;44px&#8221;][\/vc_column][vc_column width=&#8221;1\/2&#8243; offset=&#8221;vc_col-lg-3 vc_col-md-3 vc_col-xs-12&#8243;][vc_empty_space height=&#8221;44px&#8221;][\/vc_column][vc_column width=&#8221;1\/2&#8243; offset=&#8221;vc_col-lg-3 vc_col-md-3 vc_col-xs-12&#8243;][vc_empty_space height=&#8221;44px&#8221;][\/vc_column][vc_column width=&#8221;1\/2&#8243; offset=&#8221;vc_col-lg-3 vc_col-md-3 vc_col-xs-12&#8243;][vc_empty_space height=&#8221;44px&#8221;][\/vc_column][\/vc_row]<\/p>\n","protected":false},"author":1,"featured_media":0,"parent":0,"menu_order":20,"comment_status":"closed","ping_status":"closed","template":"","meta":{"footnotes":""},"class_list":["post-23399","page","type-page","status-publish","hentry","description-off"],"_links":{"self":[{"href":"https:\/\/tokcelik.com\/index.php\/wp-json\/wp\/v2\/pages\/23399","targetHints":{"allow":["GET"]}}],"collection":[{"href":"https:\/\/tokcelik.com\/index.php\/wp-json\/wp\/v2\/pages"}],"about":[{"href":"https:\/\/tokcelik.com\/index.php\/wp-json\/wp\/v2\/types\/page"}],"author":[{"embeddable":true,"href":"https:\/\/tokcelik.com\/index.php\/wp-json\/wp\/v2\/users\/1"}],"replies":[{"embeddable":true,"href":"https:\/\/tokcelik.com\/index.php\/wp-json\/wp\/v2\/comments?post=23399"}],"version-history":[{"count":17,"href":"https:\/\/tokcelik.com\/index.php\/wp-json\/wp\/v2\/pages\/23399\/revisions"}],"predecessor-version":[{"id":30887,"href":"https:\/\/tokcelik.com\/index.php\/wp-json\/wp\/v2\/pages\/23399\/revisions\/30887"}],"wp:attachment":[{"href":"https:\/\/tokcelik.com\/index.php\/wp-json\/wp\/v2\/media?parent=23399"}],"curies":[{"name":"wp","href":"https:\/\/api.w.org\/{rel}","templated":true}]}}