{"id":30767,"date":"2019-11-18T19:09:42","date_gmt":"2019-11-18T16:09:42","guid":{"rendered":"https:\/\/tokcelik.com\/?page_id=30767"},"modified":"2020-01-17T12:05:49","modified_gmt":"2020-01-17T09:05:49","slug":"urunlerimiz","status":"publish","type":"page","link":"https:\/\/tokcelik.com\/index.php\/urunlerimiz\/","title":{"rendered":"\u00dcR\u00dcNLER\u0130M\u0130Z"},"content":{"rendered":"<div class=\"wpb-content-wrapper\"><p>[vc_row][vc_column width=&#8221;1\/3&#8243;][vc_single_image image=&#8221;30739&#8243; img_size=&#8221;full&#8221; add_caption=&#8221;yes&#8221; style=&#8221;vc_box_shadow_3d&#8221; onclick=&#8221;custom_link&#8221; css_animation=&#8221;fadeInLeft&#8221; title=&#8221;SICAK \u0130\u015e TAKIM \u00c7EL\u0130KLER\u0130&#8221; link=&#8221;https:\/\/tokcelik.com\/index.php\/urunlerimiz\/sicak-is-takim-celikleri\/&#8221;][\/vc_column][vc_column width=&#8221;1\/3&#8243;][vc_single_image image=&#8221;30858&#8243; img_size=&#8221;full&#8221; add_caption=&#8221;yes&#8221; style=&#8221;vc_box_shadow_3d&#8221; onclick=&#8221;custom_link&#8221; css_animation=&#8221;fadeInRight&#8221; title=&#8221;SO\u011eUK \u0130\u015e TAKIM \u00c7EL\u0130KLER\u0130&#8221; link=&#8221;https:\/\/tokcelik.com\/index.php\/urunlerimiz\/soguk-is-takim-celikleri\/&#8221;][\/vc_column][vc_column width=&#8221;1\/3&#8243;][vc_single_image image=&#8221;30963&#8243; img_size=&#8221;full&#8221; add_caption=&#8221;yes&#8221; style=&#8221;vc_box_shadow_3d&#8221; onclick=&#8221;custom_link&#8221; css_animation=&#8221;fadeInRight&#8221; title=&#8221;PLAST\u0130K KALIP \u00c7EL\u0130KLER\u0130&#8221; link=&#8221;https:\/\/tokcelik.com\/index.php\/urunlerimiz\/plastik-kalip-celikleri\/&#8221;][\/vc_column][\/vc_row]<\/p>\n<\/div>","protected":false},"excerpt":{"rendered":"<p>[vc_row][vc_column width=&#8221;1\/3&#8243;][vc_single_image image=&#8221;30739&#8243; img_size=&#8221;full&#8221; add_caption=&#8221;yes&#8221; style=&#8221;vc_box_shadow_3d&#8221; onclick=&#8221;custom_link&#8221; css_animation=&#8221;fadeInLeft&#8221; title=&#8221;SICAK \u0130\u015e TAKIM \u00c7EL\u0130KLER\u0130&#8221; link=&#8221;https:\/\/tokcelik.com\/index.php\/urunlerimiz\/sicak-is-takim-celikleri\/&#8221;][\/vc_column][vc_column width=&#8221;1\/3&#8243;][vc_single_image image=&#8221;30858&#8243; img_size=&#8221;full&#8221; add_caption=&#8221;yes&#8221; style=&#8221;vc_box_shadow_3d&#8221; onclick=&#8221;custom_link&#8221; css_animation=&#8221;fadeInRight&#8221; title=&#8221;SO\u011eUK \u0130\u015e TAKIM \u00c7EL\u0130KLER\u0130&#8221; link=&#8221;https:\/\/tokcelik.com\/index.php\/urunlerimiz\/soguk-is-takim-celikleri\/&#8221;][\/vc_column][vc_column width=&#8221;1\/3&#8243;][vc_single_image image=&#8221;30963&#8243; img_size=&#8221;full&#8221; add_caption=&#8221;yes&#8221; style=&#8221;vc_box_shadow_3d&#8221; onclick=&#8221;custom_link&#8221; css_animation=&#8221;fadeInRight&#8221; title=&#8221;PLAST\u0130K KALIP \u00c7EL\u0130KLER\u0130&#8221; link=&#8221;https:\/\/tokcelik.com\/index.php\/urunlerimiz\/plastik-kalip-celikleri\/&#8221;][\/vc_column][\/vc_row]<\/p>\n","protected":false},"author":1,"featured_media":0,"parent":0,"menu_order":0,"comment_status":"closed","ping_status":"closed","template":"","meta":{"footnotes":""},"class_list":["post-30767","page","type-page","status-publish","hentry","description-off"],"_links":{"self":[{"href":"https:\/\/tokcelik.com\/index.php\/wp-json\/wp\/v2\/pages\/30767","targetHints":{"allow":["GET"]}}],"collection":[{"href":"https:\/\/tokcelik.com\/index.php\/wp-json\/wp\/v2\/pages"}],"about":[{"href":"https:\/\/tokcelik.com\/index.php\/wp-json\/wp\/v2\/types\/page"}],"author":[{"embeddable":true,"href":"https:\/\/tokcelik.com\/index.php\/wp-json\/wp\/v2\/users\/1"}],"replies":[{"embeddable":true,"href":"https:\/\/tokcelik.com\/index.php\/wp-json\/wp\/v2\/comments?post=30767"}],"version-history":[{"count":10,"href":"https:\/\/tokcelik.com\/index.php\/wp-json\/wp\/v2\/pages\/30767\/revisions"}],"predecessor-version":[{"id":30967,"href":"https:\/\/tokcelik.com\/index.php\/wp-json\/wp\/v2\/pages\/30767\/revisions\/30967"}],"wp:attachment":[{"href":"https:\/\/tokcelik.com\/index.php\/wp-json\/wp\/v2\/media?parent=30767"}],"curies":[{"name":"wp","href":"https:\/\/api.w.org\/{rel}","templated":true}]}}