{"id":30855,"date":"2019-11-22T16:04:32","date_gmt":"2019-11-22T13:04:32","guid":{"rendered":"https:\/\/tokcelik.com\/?page_id=30855"},"modified":"2019-11-25T16:00:32","modified_gmt":"2019-11-25T13:00:32","slug":"soguk-is-takim-celikleri","status":"publish","type":"page","link":"https:\/\/tokcelik.com\/index.php\/urunlerimiz\/soguk-is-takim-celikleri\/","title":{"rendered":"SO\u011eUK \u0130\u015e TAKIM \u00c7EL\u0130KLER\u0130"},"content":{"rendered":"<div class=\"wpb-content-wrapper\"><p>[vc_row][vc_column width=&#8221;1\/3&#8243;][vc_single_image image=&#8221;30858&#8243; img_size=&#8221;full&#8221;][\/vc_column][vc_column width=&#8221;2\/3&#8243;][vc_column_text]<\/p>\n<table border=\"0\" width=\"100%\">\n<tbody>\n<tr>\n<td><strong>\u00dcR\u00dcNLER\u0130M\u0130Z<\/strong><\/td>\n<\/tr>\n<tr>\n<td><a href=\"https:\/\/tokcelik.com\/wp-content\/uploads\/2019\/11\/tok-celik-soguk-is-takim-celikleri-1-2080.pdf\" target=\"_blank\" rel=\"noopener noreferrer\">1.2080<\/a><\/td>\n<\/tr>\n<tr>\n<td><a href=\"https:\/\/tokcelik.com\/wp-content\/uploads\/2019\/11\/tok-celik-soguk-is-takim-celikleri-1-2436.pdf\" target=\"_blank\" rel=\"noopener noreferrer\">1.2436<\/a><\/td>\n<\/tr>\n<tr>\n<td><a href=\"https:\/\/tokcelik.com\/wp-content\/uploads\/2019\/11\/tok-celik-soguk-is-takim-celikleri-1-2379.pdf\" target=\"_blank\" rel=\"noopener noreferrer\">1.2379<\/a><\/td>\n<\/tr>\n<tr>\n<td><a href=\"https:\/\/tokcelik.com\/wp-content\/uploads\/2019\/11\/tok-celik-soguk-is-takim-celikleri-1-2379-esr.pdf\" target=\"_blank\" rel=\"noopener noreferrer\">1.2379 ESR<\/a><\/td>\n<\/tr>\n<tr>\n<td><a href=\"https:\/\/tokcelik.com\/wp-content\/uploads\/2019\/11\/tok-celik-soguk-is-takim-celikleri-1-2767.pdf\" target=\"_blank\" rel=\"noopener noreferrer\">1.2767<\/a><\/td>\n<\/tr>\n<tr>\n<td><a href=\"https:\/\/tokcelik.com\/wp-content\/uploads\/2019\/11\/tok-celik-soguk-is-takim-celikleri-1-2210.pdf\" target=\"_blank\" rel=\"noopener noreferrer\">1.2210<\/a><\/td>\n<\/tr>\n<tr>\n<td><a href=\"https:\/\/tokcelik.com\/wp-content\/uploads\/2019\/11\/tok-celik-soguk-is-takim-celikleri-1-2842.pdf\" target=\"_blank\" rel=\"noopener noreferrer\">1.2842<\/a><\/td>\n<\/tr>\n<\/tbody>\n<\/table>\n<p>[\/vc_column_text][\/vc_column][\/vc_row]<\/p>\n<\/div>","protected":false},"excerpt":{"rendered":"<p>[vc_row][vc_column width=&#8221;1\/3&#8243;][vc_single_image image=&#8221;30858&#8243; img_size=&#8221;full&#8221;][\/vc_column][vc_column width=&#8221;2\/3&#8243;][vc_column_text] \u00dcR\u00dcNLER\u0130M\u0130Z 1.2080 1.2436 1.2379 1.2379 ESR 1.2767 1.2210 1.2842 [\/vc_column_text][\/vc_column][\/vc_row]<\/p>\n","protected":false},"author":1,"featured_media":0,"parent":30767,"menu_order":0,"comment_status":"closed","ping_status":"closed","template":"","meta":{"footnotes":""},"class_list":["post-30855","page","type-page","status-publish","hentry","description-off"],"_links":{"self":[{"href":"https:\/\/tokcelik.com\/index.php\/wp-json\/wp\/v2\/pages\/30855","targetHints":{"allow":["GET"]}}],"collection":[{"href":"https:\/\/tokcelik.com\/index.php\/wp-json\/wp\/v2\/pages"}],"about":[{"href":"https:\/\/tokcelik.com\/index.php\/wp-json\/wp\/v2\/types\/page"}],"author":[{"embeddable":true,"href":"https:\/\/tokcelik.com\/index.php\/wp-json\/wp\/v2\/users\/1"}],"replies":[{"embeddable":true,"href":"https:\/\/tokcelik.com\/index.php\/wp-json\/wp\/v2\/comments?post=30855"}],"version-history":[{"count":5,"href":"https:\/\/tokcelik.com\/index.php\/wp-json\/wp\/v2\/pages\/30855\/revisions"}],"predecessor-version":[{"id":30886,"href":"https:\/\/tokcelik.com\/index.php\/wp-json\/wp\/v2\/pages\/30855\/revisions\/30886"}],"up":[{"embeddable":true,"href":"https:\/\/tokcelik.com\/index.php\/wp-json\/wp\/v2\/pages\/30767"}],"wp:attachment":[{"href":"https:\/\/tokcelik.com\/index.php\/wp-json\/wp\/v2\/media?parent=30855"}],"curies":[{"name":"wp","href":"https:\/\/api.w.org\/{rel}","templated":true}]}}