{"id":30965,"date":"2020-01-17T12:05:09","date_gmt":"2020-01-17T09:05:09","guid":{"rendered":"https:\/\/tokcelik.com\/?page_id=30965"},"modified":"2020-01-17T12:12:16","modified_gmt":"2020-01-17T09:12:16","slug":"plastik-kalip-celikleri","status":"publish","type":"page","link":"https:\/\/tokcelik.com\/index.php\/urunlerimiz\/plastik-kalip-celikleri\/","title":{"rendered":"PLAST\u0130K KALIP \u00c7EL\u0130KLER\u0130"},"content":{"rendered":"<div class=\"wpb-content-wrapper\"><p>[vc_row][vc_column width=&#8221;1\/3&#8243;][vc_single_image image=&#8221;30963&#8243; img_size=&#8221;full&#8221;][\/vc_column][vc_column width=&#8221;2\/3&#8243;][vc_column_text]<\/p>\n<table border=\"0\" width=\"100%\">\n<tbody>\n<tr>\n<td><strong>\u00dcR\u00dcNLER\u0130M\u0130Z<\/strong><\/td>\n<\/tr>\n<tr>\n<td><a href=\"https:\/\/tokcelik.com\/wp-content\/uploads\/2020\/01\/tok-celik-plastik-kalip-celikleri-1-2378.pdf\" target=\"_blank\" rel=\"noopener noreferrer\">1.2738<\/a><\/td>\n<\/tr>\n<\/tbody>\n<\/table>\n<p>[\/vc_column_text][\/vc_column][\/vc_row]<\/p>\n<\/div>","protected":false},"excerpt":{"rendered":"<p>[vc_row][vc_column width=&#8221;1\/3&#8243;][vc_single_image image=&#8221;30963&#8243; img_size=&#8221;full&#8221;][\/vc_column][vc_column width=&#8221;2\/3&#8243;][vc_column_text] \u00dcR\u00dcNLER\u0130M\u0130Z 1.2738 [\/vc_column_text][\/vc_column][\/vc_row]<\/p>\n","protected":false},"author":1,"featured_media":0,"parent":30767,"menu_order":0,"comment_status":"closed","ping_status":"closed","template":"","meta":{"footnotes":""},"class_list":["post-30965","page","type-page","status-publish","hentry","description-off"],"_links":{"self":[{"href":"https:\/\/tokcelik.com\/index.php\/wp-json\/wp\/v2\/pages\/30965","targetHints":{"allow":["GET"]}}],"collection":[{"href":"https:\/\/tokcelik.com\/index.php\/wp-json\/wp\/v2\/pages"}],"about":[{"href":"https:\/\/tokcelik.com\/index.php\/wp-json\/wp\/v2\/types\/page"}],"author":[{"embeddable":true,"href":"https:\/\/tokcelik.com\/index.php\/wp-json\/wp\/v2\/users\/1"}],"replies":[{"embeddable":true,"href":"https:\/\/tokcelik.com\/index.php\/wp-json\/wp\/v2\/comments?post=30965"}],"version-history":[{"count":4,"href":"https:\/\/tokcelik.com\/index.php\/wp-json\/wp\/v2\/pages\/30965\/revisions"}],"predecessor-version":[{"id":30972,"href":"https:\/\/tokcelik.com\/index.php\/wp-json\/wp\/v2\/pages\/30965\/revisions\/30972"}],"up":[{"embeddable":true,"href":"https:\/\/tokcelik.com\/index.php\/wp-json\/wp\/v2\/pages\/30767"}],"wp:attachment":[{"href":"https:\/\/tokcelik.com\/index.php\/wp-json\/wp\/v2\/media?parent=30965"}],"curies":[{"name":"wp","href":"https:\/\/api.w.org\/{rel}","templated":true}]}}